{"id":568,"date":"2023-03-04T07:23:38","date_gmt":"2023-03-04T04:23:38","guid":{"rendered":"https:\/\/korder.org\/?page_id=568"},"modified":"2023-03-04T07:23:38","modified_gmt":"2023-03-04T04:23:38","slug":"deprem-sonrasi-kultur-varliklarinin-enkazina-mudahale-hakkinda-aciklama","status":"publish","type":"page","link":"http:\/\/korder.org\/index.php\/deprem-sonrasi-kultur-varliklarinin-enkazina-mudahale-hakkinda-aciklama\/","title":{"rendered":"Deprem Sonras\u0131 K\u00fclt\u00fcr Varl\u0131klar\u0131n\u0131n Enkaz\u0131na M\u00fcdahale Hakk\u0131nda A\u00e7\u0131klama"},"content":{"rendered":"\n<p>Koruma ve Restorasyon Uzmanlar\u0131 Derne\u011fi (KORDER), docomomo_tr T\u00fcrkiye Ulusal \u00c7al\u0131\u015fma Grubu\u00a0ve Europa Nostra T\u00fcrkiye ortak a\u00e7\u0131klamas\u0131<\/p>\n\n\n\n<figure class=\"wp-block-image size-large\"><img decoding=\"async\" loading=\"lazy\" width=\"709\" height=\"1024\" src=\"https:\/\/korder.org\/wp-content\/uploads\/2023\/03\/kultur-varliklari-enkazina-mudahale_-gorus-709x1024.jpg\" alt=\"\" class=\"wp-image-570\" srcset=\"http:\/\/korder.org\/wp-content\/uploads\/2023\/03\/kultur-varliklari-enkazina-mudahale_-gorus-709x1024.jpg 709w, http:\/\/korder.org\/wp-content\/uploads\/2023\/03\/kultur-varliklari-enkazina-mudahale_-gorus-208x300.jpg 208w, http:\/\/korder.org\/wp-content\/uploads\/2023\/03\/kultur-varliklari-enkazina-mudahale_-gorus-768x1109.jpg 768w, http:\/\/korder.org\/wp-content\/uploads\/2023\/03\/kultur-varliklari-enkazina-mudahale_-gorus-1063x1536.jpg 1063w, http:\/\/korder.org\/wp-content\/uploads\/2023\/03\/kultur-varliklari-enkazina-mudahale_-gorus-1418x2048.jpg 1418w, http:\/\/korder.org\/wp-content\/uploads\/2023\/03\/kultur-varliklari-enkazina-mudahale_-gorus-624x901.jpg 624w, http:\/\/korder.org\/wp-content\/uploads\/2023\/03\/kultur-varliklari-enkazina-mudahale_-gorus-scaled.jpg 1772w\" sizes=\"(max-width: 709px) 100vw, 709px\" \/><\/figure>\n","protected":false},"excerpt":{"rendered":"<p>Koruma ve Restorasyon Uzmanlar\u0131 Derne\u011fi (KORDER), docomomo_tr T\u00fcrkiye Ulusal \u00c7al\u0131\u015fma Grubu\u00a0ve Europa Nostra T\u00fcrkiye ortak a\u00e7\u0131klamas\u0131<\/p>\n","protected":false},"author":2,"featured_media":0,"parent":0,"menu_order":0,"comment_status":"closed","ping_status":"closed","template":"","meta":{"jetpack_post_was_ever_published":false},"jetpack_sharing_enabled":true,"jetpack_shortlink":"https:\/\/wp.me\/P9N5vd-9a","_links":{"self":[{"href":"http:\/\/korder.org\/index.php\/wp-json\/wp\/v2\/pages\/568"}],"collection":[{"href":"http:\/\/korder.org\/index.php\/wp-json\/wp\/v2\/pages"}],"about":[{"href":"http:\/\/korder.org\/index.php\/wp-json\/wp\/v2\/types\/page"}],"author":[{"embeddable":true,"href":"http:\/\/korder.org\/index.php\/wp-json\/wp\/v2\/users\/2"}],"replies":[{"embeddable":true,"href":"http:\/\/korder.org\/index.php\/wp-json\/wp\/v2\/comments?post=568"}],"version-history":[{"count":1,"href":"http:\/\/korder.org\/index.php\/wp-json\/wp\/v2\/pages\/568\/revisions"}],"predecessor-version":[{"id":572,"href":"http:\/\/korder.org\/index.php\/wp-json\/wp\/v2\/pages\/568\/revisions\/572"}],"wp:attachment":[{"href":"http:\/\/korder.org\/index.php\/wp-json\/wp\/v2\/media?parent=568"}],"curies":[{"name":"wp","href":"https:\/\/api.w.org\/{rel}","templated":true}]}}