{"id":198,"date":"2018-01-05T11:36:55","date_gmt":"2018-01-05T11:36:55","guid":{"rendered":"http:\/\/korder.org\/?page_id=198"},"modified":"2021-12-24T11:02:00","modified_gmt":"2021-12-24T08:02:00","slug":"yonetim-kurulu","status":"publish","type":"page","link":"https:\/\/korder.org\/index.php\/yonetim-kurulu\/","title":{"rendered":"Y\u00f6netim Kurulu"},"content":{"rendered":"<p><strong>\u00d6zg\u00fcn \u00d6z\u00e7ak\u0131r<\/strong><br \/>\nY\u00f6netim Kurulu Ba\u015fkan\u0131<\/p>\n<p><strong>Merve \u00d6zt\u00fcrk<\/strong><br \/>\nGenel Sekreter<\/p>\n<p><strong>Leyla Etyemez \u00c7\u0131plak<\/strong><br \/>\nSayman \u00dcye<\/p>\n<p><strong>P\u0131nar Ayka\u00e7<\/strong><br \/>\n\u00dcye<\/p>\n<p><strong>M\u00fcge Bah\u00e7eci<\/strong><br \/>\n\u00dcye<\/p>\n","protected":false},"excerpt":{"rendered":"<p>\u00d6zg\u00fcn \u00d6z\u00e7ak\u0131r Y\u00f6netim Kurulu Ba\u015fkan\u0131 Merve \u00d6zt\u00fcrk Genel Sekreter Leyla Etyemez \u00c7\u0131plak Sayman \u00dcye P\u0131nar Ayka\u00e7 \u00dcye M\u00fcge Bah\u00e7eci \u00dcye<\/p>\n","protected":false},"author":2,"featured_media":0,"parent":0,"menu_order":0,"comment_status":"closed","ping_status":"closed","template":"","meta":{"jetpack_post_was_ever_published":false},"jetpack_sharing_enabled":true,"jetpack_shortlink":"https:\/\/wp.me\/P9N5vd-3c","_links":{"self":[{"href":"https:\/\/korder.org\/index.php\/wp-json\/wp\/v2\/pages\/198"}],"collection":[{"href":"https:\/\/korder.org\/index.php\/wp-json\/wp\/v2\/pages"}],"about":[{"href":"https:\/\/korder.org\/index.php\/wp-json\/wp\/v2\/types\/page"}],"author":[{"embeddable":true,"href":"https:\/\/korder.org\/index.php\/wp-json\/wp\/v2\/users\/2"}],"replies":[{"embeddable":true,"href":"https:\/\/korder.org\/index.php\/wp-json\/wp\/v2\/comments?post=198"}],"version-history":[{"count":2,"href":"https:\/\/korder.org\/index.php\/wp-json\/wp\/v2\/pages\/198\/revisions"}],"predecessor-version":[{"id":551,"href":"https:\/\/korder.org\/index.php\/wp-json\/wp\/v2\/pages\/198\/revisions\/551"}],"wp:attachment":[{"href":"https:\/\/korder.org\/index.php\/wp-json\/wp\/v2\/media?parent=198"}],"curies":[{"name":"wp","href":"https:\/\/api.w.org\/{rel}","templated":true}]}}