{"id":202,"date":"2018-01-05T11:43:00","date_gmt":"2018-01-05T11:43:00","guid":{"rendered":"http:\/\/korder.org\/?page_id=202"},"modified":"2020-08-12T12:28:09","modified_gmt":"2020-08-12T09:28:09","slug":"iletisim","status":"publish","type":"page","link":"https:\/\/korder.org\/index.php\/iletisim\/","title":{"rendered":"\u0130leti\u015fim"},"content":{"rendered":"<p>Koruma ve Restorasyon Uzmanlar\u0131 Derne\u011fi<br \/>\nKonutkent 2 Sitesi Dat\u00e7a Sok. B-1 Blok, 2 No. lu D\u00fckkan<br \/>\n\u00c7ayyolu &#8211; Ankara<\/p>\n<p>E-posta: <a href=\"mailto:korderyk@yahoo.com\">korderyk2020@gmail.com<\/a><\/p>\n<p><a href=\"mailto:korderyk@yahoo.com\">korderyk@yahoo.com<\/a><\/p>\n<p><strong>Banka Hesap No:<\/strong><br \/>\nKoruma ve Restorasyon Uzmanlar\u0131 Derne\u011fi<br \/>\n\u0130\u015f Bankas\u0131 Kavakl\u0131dere \u015eubesi<br \/>\nHesap no: 0621252<br \/>\nIBAN: TR440006400000142090621252<\/p>\n<p><img decoding=\"async\" loading=\"lazy\" class=\"aligncenter size-full wp-image-314\" src=\"http:\/\/korder.org\/wp-content\/uploads\/2019\/01\/Ekran-Al\u0131nt\u0131s\u01313.png\" alt=\"\" width=\"712\" height=\"347\" srcset=\"https:\/\/korder.org\/wp-content\/uploads\/2019\/01\/Ekran-Al\u0131nt\u0131s\u01313.png 712w, https:\/\/korder.org\/wp-content\/uploads\/2019\/01\/Ekran-Al\u0131nt\u0131s\u01313-300x146.png 300w, https:\/\/korder.org\/wp-content\/uploads\/2019\/01\/Ekran-Al\u0131nt\u0131s\u01313-624x304.png 624w\" sizes=\"(max-width: 712px) 100vw, 712px\" \/><\/p>\n","protected":false},"excerpt":{"rendered":"<p>Koruma ve Restorasyon Uzmanlar\u0131 Derne\u011fi Konutkent 2 Sitesi Dat\u00e7a Sok. B-1 Blok, 2 No. lu D\u00fckkan \u00c7ayyolu &#8211; Ankara E-posta: korderyk2020@gmail.com korderyk@yahoo.com Banka Hesap No: Koruma ve Restorasyon Uzmanlar\u0131 Derne\u011fi \u0130\u015f Bankas\u0131 Kavakl\u0131dere \u015eubesi Hesap no: 0621252 IBAN: TR440006400000142090621252<\/p>\n","protected":false},"author":2,"featured_media":0,"parent":0,"menu_order":0,"comment_status":"closed","ping_status":"closed","template":"","meta":{"jetpack_post_was_ever_published":false},"jetpack_sharing_enabled":true,"jetpack_shortlink":"https:\/\/wp.me\/P9N5vd-3g","_links":{"self":[{"href":"https:\/\/korder.org\/index.php\/wp-json\/wp\/v2\/pages\/202"}],"collection":[{"href":"https:\/\/korder.org\/index.php\/wp-json\/wp\/v2\/pages"}],"about":[{"href":"https:\/\/korder.org\/index.php\/wp-json\/wp\/v2\/types\/page"}],"author":[{"embeddable":true,"href":"https:\/\/korder.org\/index.php\/wp-json\/wp\/v2\/users\/2"}],"replies":[{"embeddable":true,"href":"https:\/\/korder.org\/index.php\/wp-json\/wp\/v2\/comments?post=202"}],"version-history":[{"count":6,"href":"https:\/\/korder.org\/index.php\/wp-json\/wp\/v2\/pages\/202\/revisions"}],"predecessor-version":[{"id":438,"href":"https:\/\/korder.org\/index.php\/wp-json\/wp\/v2\/pages\/202\/revisions\/438"}],"wp:attachment":[{"href":"https:\/\/korder.org\/index.php\/wp-json\/wp\/v2\/media?parent=202"}],"curies":[{"name":"wp","href":"https:\/\/api.w.org\/{rel}","templated":true}]}}