{"id":208,"date":"2018-01-05T11:48:47","date_gmt":"2018-01-05T11:48:47","guid":{"rendered":"http:\/\/korder.org\/?page_id=208"},"modified":"2020-08-12T03:29:17","modified_gmt":"2020-08-12T00:29:17","slug":"ulusal-mevzuat","status":"publish","type":"page","link":"https:\/\/korder.org\/index.php\/ulusal-mevzuat\/","title":{"rendered":"Ulusal Mevzuat"},"content":{"rendered":"<p><strong>2863 K\u00dcLT\u00dcR VE TAB\u0130AT VARLIKLARINI KORUMA KANUNU (1983)<\/strong><\/p>\n<p><a href=\"https:\/\/www.mevzuat.gov.tr\/MevzuatMetin\/1.5.2863.pdf\">https:\/\/www.mevzuat.gov.tr\/MevzuatMetin\/1.5.2863.pdf<\/a><\/p>\n<p><strong>5226 SAYILI K\u00dcLT\u00dcR VE TAB\u0130AT VARLIKLARINI KORUMA KANUNU \u0130LE CE\u015e\u0130TL\u0130 KANUNLARDA DE\u011eI\u015e\u0130KL\u0130K YAPILMASI HAKKINDA KANUN (2004)<\/strong><\/p>\n<p><a href=\"https:\/\/www.resmigazete.gov.tr\/eskiler\/2004\/07\/20040727.htm#1\">https:\/\/www.resmigazete.gov.tr\/eskiler\/2004\/07\/20040727.htm#1<\/a><\/p>\n<p><strong>YIPRANAN TAR\u0130H\u0130 VE K\u00dcLT\u00dcREL TA\u015eINMAZ VARLIKLARIN YEN\u0130LENEREK KORUNMASI VE YA\u015eATILARAK KULLANILMASI HAKKINDA KANUN (2005)<\/strong><\/p>\n<p><a href=\"https:\/\/www.mevzuat.gov.tr\/MevzuatMetin\/1.5.5366.pdf\">https:\/\/www.mevzuat.gov.tr\/MevzuatMetin\/1.5.5366.pdf<\/a><\/p>\n<p><strong>648 SAYILI \u00c7EVRE VE \u015eEH\u0130RC\u0130L\u0130K BAKANLI\u011eININ TE\u015eK\u0130LAT VE G\u00d6REVLER\u0130 HAKKINDA KANUN H\u00dcKM\u00dcNDE KARARNAME \u0130LE BAZI KANUN VE KANUN H\u00dcKM\u00dcNDE KARARNAMELERDE DE\u011e\u0130\u015e\u0130KL\u0130K YAPILMASINA DA\u0130R KANUN H\u00dcKM\u00dcNDE KARARNAME (2011)<\/strong><\/p>\n<p><a href=\"https:\/\/www.resmigazete.gov.tr\/eskiler\/2011\/08\/20110817-1-1.htm\">https:\/\/www.resmigazete.gov.tr\/eskiler\/2011\/08\/20110817-1-1.htm<\/a><\/p>\n<p><strong>6306 SAYILI AFET R\u0130SK\u0130 ALTINDAK\u0130 ALANLARIN D\u00d6N\u00dc\u015eT\u00dcR\u00dcLMES\u0130 HAKKINDA KANUN (2012)<\/strong><\/p>\n<p><a href=\"https:\/\/www.resmigazete.gov.tr\/eskiler\/2012\/05\/20120531-1.htm\">https:\/\/www.resmigazete.gov.tr\/eskiler\/2012\/05\/20120531-1.htm<\/a><\/p>\n\n\n<p><\/p>\n","protected":false},"excerpt":{"rendered":"<p>2863 K\u00dcLT\u00dcR VE TAB\u0130AT VARLIKLARINI KORUMA KANUNU (1983) https:\/\/www.mevzuat.gov.tr\/MevzuatMetin\/1.5.2863.pdf 5226 SAYILI K\u00dcLT\u00dcR VE TAB\u0130AT VARLIKLARINI KORUMA KANUNU \u0130LE CE\u015e\u0130TL\u0130 KANUNLARDA DE\u011eI\u015e\u0130KL\u0130K YAPILMASI HAKKINDA KANUN (2004) https:\/\/www.resmigazete.gov.tr\/eskiler\/2004\/07\/20040727.htm#1 YIPRANAN TAR\u0130H\u0130 VE K\u00dcLT\u00dcREL TA\u015eINMAZ VARLIKLARIN YEN\u0130LENEREK KORUNMASI VE YA\u015eATILARAK KULLANILMASI HAKKINDA KANUN (2005) https:\/\/www.mevzuat.gov.tr\/MevzuatMetin\/1.5.5366.pdf 648 SAYILI \u00c7EVRE VE \u015eEH\u0130RC\u0130L\u0130K BAKANLI\u011eININ TE\u015eK\u0130LAT VE G\u00d6REVLER\u0130 HAKKINDA KANUN H\u00dcKM\u00dcNDE KARARNAME \u0130LE [&hellip;]<\/p>\n","protected":false},"author":2,"featured_media":0,"parent":0,"menu_order":0,"comment_status":"closed","ping_status":"closed","template":"","meta":{"jetpack_post_was_ever_published":false},"jetpack_sharing_enabled":true,"jetpack_shortlink":"https:\/\/wp.me\/P9N5vd-3m","_links":{"self":[{"href":"https:\/\/korder.org\/index.php\/wp-json\/wp\/v2\/pages\/208"}],"collection":[{"href":"https:\/\/korder.org\/index.php\/wp-json\/wp\/v2\/pages"}],"about":[{"href":"https:\/\/korder.org\/index.php\/wp-json\/wp\/v2\/types\/page"}],"author":[{"embeddable":true,"href":"https:\/\/korder.org\/index.php\/wp-json\/wp\/v2\/users\/2"}],"replies":[{"embeddable":true,"href":"https:\/\/korder.org\/index.php\/wp-json\/wp\/v2\/comments?post=208"}],"version-history":[{"count":4,"href":"https:\/\/korder.org\/index.php\/wp-json\/wp\/v2\/pages\/208\/revisions"}],"predecessor-version":[{"id":435,"href":"https:\/\/korder.org\/index.php\/wp-json\/wp\/v2\/pages\/208\/revisions\/435"}],"wp:attachment":[{"href":"https:\/\/korder.org\/index.php\/wp-json\/wp\/v2\/media?parent=208"}],"curies":[{"name":"wp","href":"https:\/\/api.w.org\/{rel}","templated":true}]}}