{"id":211,"date":"2018-01-05T11:50:06","date_gmt":"2018-01-05T11:50:06","guid":{"rendered":"http:\/\/korder.org\/?page_id=211"},"modified":"2018-01-05T11:50:06","modified_gmt":"2018-01-05T11:50:06","slug":"uluslararasi-ve-uluslarustu-mevzuat","status":"publish","type":"page","link":"https:\/\/korder.org\/index.php\/uluslararasi-ve-uluslarustu-mevzuat\/","title":{"rendered":"Uluslararas\u0131 ve Uluslar\u00fcst\u00fc Mevzuat"},"content":{"rendered":"<ul>\n<li><a href=\"http:\/\/korder.org\/index.php?option=com_content&amp;view=article&amp;id=79&amp;Itemid=67\" target=\"_blank\" rel=\"noopener\">The Venice Charter<\/a><\/li>\n<li><a title=\"AB Direktifi\" href=\"http:\/\/korder.org\/images\/2005_36_ec.doc\" target=\"_blank\" rel=\"noopener\">AB Direktifi 2005\/36\/EC<\/a><\/li>\n<li><a title=\"Kullan\u0131m K\u0131lavuzu\" href=\"http:\/\/korder.org\/images\/kullanc%20klavuzu_2005_36_ec%20revize.doc\" target=\"_blank\" rel=\"noopener\">Kullan\u0131m K\u0131lavuzu 2005\/36\/EC<\/a><\/li>\n<\/ul>\n","protected":false},"excerpt":{"rendered":"<p>The Venice Charter AB Direktifi 2005\/36\/EC Kullan\u0131m K\u0131lavuzu 2005\/36\/EC<\/p>\n","protected":false},"author":2,"featured_media":0,"parent":0,"menu_order":0,"comment_status":"closed","ping_status":"closed","template":"","meta":{"jetpack_post_was_ever_published":false},"jetpack_sharing_enabled":true,"jetpack_shortlink":"https:\/\/wp.me\/P9N5vd-3p","_links":{"self":[{"href":"https:\/\/korder.org\/index.php\/wp-json\/wp\/v2\/pages\/211"}],"collection":[{"href":"https:\/\/korder.org\/index.php\/wp-json\/wp\/v2\/pages"}],"about":[{"href":"https:\/\/korder.org\/index.php\/wp-json\/wp\/v2\/types\/page"}],"author":[{"embeddable":true,"href":"https:\/\/korder.org\/index.php\/wp-json\/wp\/v2\/users\/2"}],"replies":[{"embeddable":true,"href":"https:\/\/korder.org\/index.php\/wp-json\/wp\/v2\/comments?post=211"}],"version-history":[{"count":1,"href":"https:\/\/korder.org\/index.php\/wp-json\/wp\/v2\/pages\/211\/revisions"}],"predecessor-version":[{"id":213,"href":"https:\/\/korder.org\/index.php\/wp-json\/wp\/v2\/pages\/211\/revisions\/213"}],"wp:attachment":[{"href":"https:\/\/korder.org\/index.php\/wp-json\/wp\/v2\/media?parent=211"}],"curies":[{"name":"wp","href":"https:\/\/api.w.org\/{rel}","templated":true}]}}